{"id":1077,"date":"2023-04-04T07:45:11","date_gmt":"2023-04-04T07:45:11","guid":{"rendered":"https:\/\/pfefferwerk-akademie.de\/?page_id=1077"},"modified":"2023-11-13T09:15:59","modified_gmt":"2023-11-13T09:15:59","slug":"profilkurse","status":"publish","type":"page","link":"https:\/\/pfefferwerk-akademie.de\/index.php\/profilkurse\/","title":{"rendered":"Profilkurse Jugendarbeit und Resilienz"},"content":{"rendered":"\n<p>Profilkurs Jugendarbeit &nbsp;<\/p>\n\n\n\n<p>Erzieher*innen finden in vielen Arbeitsfeldern einen Job!<\/p>\n\n\n\n<p>W\u00e4hrend der Ausbildung sind viele Erzieher*innen aber erstmal in Kitas t\u00e4tig. Doch wie sieht der Alltag von Erzieher*innen in einem Hort der Grundschule aus? Welche Herausforderungen erwarten Erzieher*innen in einem Jugendzentrum, auf dem Bauspielplatz oder im M\u00e4dchen*-Treff? Neben der Offenen Kinder- und Jugendarbeit gibt es auch viele verschiedenen Einrichtungen der Jugendhilfe. Bei der Pfefferwerk Stadtkultur gGmbH sind Erzieher*innen zusammen mit Sozialarbeiter*innen beispielsweise in p\u00e4dagogisch-therapeutisch ausgerichteten Wohngruppen oder in Beratungs- und Krisenunterk\u00fcnften.<\/p>\n\n\n\n<p>Um diese breite Palette von m\u00f6glichen Arbeitspl\u00e4tzen von Erzieher*innen kennenzulernen, bietet die Pfefferwerk Akademie eine Vertiefung f\u00fcr den Bereich Kinder- und Jugendarbeit im 3. Semester an. Die Studierenden kommentierten unseren Profilkurs positiv, weil \u201e<em>sie mit eigenen Augen einmal die verschiedenen Einrichtungen sehen und miterleben konnten<\/em>\u201c.<\/p>\n\n\n\n<p>Gemeinsam besuchen die Studierenden mit einer Lehrkraft Einrichtungen der Jugendarbeit und sprechen mit den Jugendlichen, die Teil der Einrichtungen sind sowie den Kolleg*innen \u00fcber ihre Arbeitsbedingungen und Aufgaben. Die Ausfl\u00fcge werden jeweils vor- und nachbereitet und begleitet von Gespr\u00e4chen mit Abteilungs- und\/ oder Einrichtungsleitungen. Das Ziel ist es verschiedene Vorstellungen zu erlangen, was der Erzieher*innenberuf alles bieten kann und welche Arbeitsfelder jeweils zu einem selber passen.<\/p>\n\n\n\n<div class=\"wp-block-columns is-layout-flex wp-container-core-columns-is-layout-9d6595d7 wp-block-columns-is-layout-flex\">\n<div class=\"wp-block-column is-layout-flow wp-block-column-is-layout-flow\">\n<figure class=\"wp-block-image size-full\"><img loading=\"lazy\" decoding=\"async\" width=\"524\" height=\"545\" src=\"https:\/\/pfefferwerk-akademie.de\/wp-content\/uploads\/lernenlernen-content.jpg\" alt=\"\" class=\"wp-image-1082\" srcset=\"https:\/\/pfefferwerk-akademie.de\/wp-content\/uploads\/lernenlernen-content.jpg 524w, https:\/\/pfefferwerk-akademie.de\/wp-content\/uploads\/lernenlernen-content-288x300.jpg 288w\" sizes=\"auto, (max-width: 524px) 100vw, 524px\" \/><\/figure>\n<\/div>\n\n\n\n<div class=\"wp-block-column is-layout-flow wp-block-column-is-layout-flow\">\n<figure class=\"wp-block-image size-full\"><img loading=\"lazy\" decoding=\"async\" width=\"524\" height=\"545\" src=\"https:\/\/pfefferwerk-akademie.de\/wp-content\/uploads\/ganztag-content.jpg\" alt=\"\" class=\"wp-image-1078\" srcset=\"https:\/\/pfefferwerk-akademie.de\/wp-content\/uploads\/ganztag-content.jpg 524w, https:\/\/pfefferwerk-akademie.de\/wp-content\/uploads\/ganztag-content-288x300.jpg 288w\" sizes=\"auto, (max-width: 524px) 100vw, 524px\" \/><\/figure>\n<\/div>\n<\/div>\n\n\n\n<p>Profilkurs Resilienz<\/p>\n\n\n\n<p>Resilienz ist eine innere St\u00e4rke, die hilft in be\u00adlastenden Situationen widerstandsf\u00e4hig zu sein. Da die Arbeit als Erzieher*in h\u00e4ufig mit Stress verbunden ist, hilft eine hohe Resilienz mit schwierigen Alltagssituationen gelassener umgehen zu k\u00f6nnen. Regelm\u00e4\u00dfiges und bewusstes Entspannen kann zus\u00e4tzlich dazu beitragen einen besseren Umgang mit pers\u00f6nlichem Stress und Herausforderungen im Arbeitsalltag zu finden.<\/p>\n\n\n\n<p>In diesem Profilkurs trainieren wir die eigene Resilienz\u00adf\u00e4higkeit, denn wir glauben, dass diese gerade f\u00fcr Arbeit von Erzieher*innen essentiell wichtig ist! Yoga,&nbsp; Entspannungseinheiten sowie Reflexionseinheiten zur Pers\u00f6nlichkeitsentwicklung &nbsp;sind Teil dieses Angebotes, dass wir an der Pfefferwerk Akademie im 5. Semester in Form von einem Profilunterricht anbieten.<\/p>\n\n\n\n<figure class=\"wp-block-image size-large\"><img loading=\"lazy\" decoding=\"async\" width=\"1024\" height=\"768\" src=\"https:\/\/pfefferwerk-akademie.de\/wp-content\/uploads\/resilient-content-1024x768.jpg\" alt=\"\" class=\"wp-image-1083\" srcset=\"https:\/\/pfefferwerk-akademie.de\/wp-content\/uploads\/resilient-content-1024x768.jpg 1024w, https:\/\/pfefferwerk-akademie.de\/wp-content\/uploads\/resilient-content-300x225.jpg 300w, https:\/\/pfefferwerk-akademie.de\/wp-content\/uploads\/resilient-content-768x576.jpg 768w, https:\/\/pfefferwerk-akademie.de\/wp-content\/uploads\/resilient-content-1536x1152.jpg 1536w, https:\/\/pfefferwerk-akademie.de\/wp-content\/uploads\/resilient-content.jpg 1920w\" sizes=\"auto, (max-width: 1024px) 100vw, 1024px\" \/><\/figure>\n","protected":false},"excerpt":{"rendered":"<p>Profilkurs Jugendarbeit &nbsp; Erzieher*innen finden in vielen Arbeitsfeldern einen Job! W\u00e4hrend der Ausbildung sind viele Erzieher*innen aber erstmal in Kitas t\u00e4tig. Doch wie sieht der Alltag von Erzieher*innen in einem &#8230; <a title=\"Profilkurse Jugendarbeit und Resilienz\" class=\"read-more\" href=\"https:\/\/pfefferwerk-akademie.de\/index.php\/profilkurse\/\" aria-label=\"Mehr Informationen \u00fcber Profilkurse Jugendarbeit und Resilienz\">Weiterlesen<\/a><\/p>\n","protected":false},"author":8,"featured_media":0,"parent":0,"menu_order":0,"comment_status":"closed","ping_status":"closed","template":"","meta":{"_price":"","_stock":"","_tribe_ticket_header":"","_tribe_default_ticket_provider":"","_tribe_ticket_capacity":"0","_ticket_start_date":"","_ticket_end_date":"","_tribe_ticket_show_description":"","_tribe_ticket_show_not_going":false,"_tribe_ticket_use_global_stock":"","_tribe_ticket_global_stock_level":"","_global_stock_mode":"","_global_stock_cap":"","_tribe_rsvp_for_event":"","_tribe_ticket_going_count":"","_tribe_ticket_not_going_count":"","_tribe_tickets_list":"[]","_tribe_ticket_has_attendee_info_fields":false,"footnotes":"","_tec_slr_enabled":"","_tec_slr_layout":""},"class_list":["post-1077","page","type-page","status-publish"],"ticketed":false,"_links":{"self":[{"href":"https:\/\/pfefferwerk-akademie.de\/index.php\/wp-json\/wp\/v2\/pages\/1077","targetHints":{"allow":["GET"]}}],"collection":[{"href":"https:\/\/pfefferwerk-akademie.de\/index.php\/wp-json\/wp\/v2\/pages"}],"about":[{"href":"https:\/\/pfefferwerk-akademie.de\/index.php\/wp-json\/wp\/v2\/types\/page"}],"author":[{"embeddable":true,"href":"https:\/\/pfefferwerk-akademie.de\/index.php\/wp-json\/wp\/v2\/users\/8"}],"replies":[{"embeddable":true,"href":"https:\/\/pfefferwerk-akademie.de\/index.php\/wp-json\/wp\/v2\/comments?post=1077"}],"version-history":[{"count":2,"href":"https:\/\/pfefferwerk-akademie.de\/index.php\/wp-json\/wp\/v2\/pages\/1077\/revisions"}],"predecessor-version":[{"id":1187,"href":"https:\/\/pfefferwerk-akademie.de\/index.php\/wp-json\/wp\/v2\/pages\/1077\/revisions\/1187"}],"wp:attachment":[{"href":"https:\/\/pfefferwerk-akademie.de\/index.php\/wp-json\/wp\/v2\/media?parent=1077"}],"curies":[{"name":"wp","href":"https:\/\/api.w.org\/{rel}","templated":true}]}}