{"id":1204,"date":"2024-03-04T08:16:23","date_gmt":"2024-03-04T08:16:23","guid":{"rendered":"https:\/\/pfefferwerk-akademie.de\/?page_id=1204"},"modified":"2024-03-14T08:56:15","modified_gmt":"2024-03-14T08:56:15","slug":"unsere-fachschule","status":"publish","type":"page","link":"https:\/\/pfefferwerk-akademie.de\/","title":{"rendered":"Unsere Fachschule"},"content":{"rendered":"\n<div class=\"wp-block-columns is-layout-flex wp-container-core-columns-is-layout-9d6595d7 wp-block-columns-is-layout-flex\">\n<div class=\"wp-block-column is-layout-flow wp-block-column-is-layout-flow\">\n<figure class=\"wp-block-image size-full\"><a href=\"https:\/\/pfefferwerk-akademie.de\/index.php\/wir-stellen-uns-vor\/\"><img loading=\"lazy\" decoding=\"async\" width=\"493\" height=\"404\" src=\"https:\/\/pfefferwerk-akademie.de\/wp-content\/uploads\/wirstellenunsvor_content.png\" alt=\"\" class=\"wp-image-937\" srcset=\"https:\/\/pfefferwerk-akademie.de\/wp-content\/uploads\/wirstellenunsvor_content.png 493w, https:\/\/pfefferwerk-akademie.de\/wp-content\/uploads\/wirstellenunsvor_content-300x246.png 300w\" sizes=\"auto, (max-width: 493px) 100vw, 493px\" \/><\/a><\/figure>\n\n\n\n<h2 class=\"wp-block-heading has-text-color\" style=\"color:#e3000f\"><a href=\"https:\/\/pfefferwerk-akademie.de\/index.php\/wir-stellen-uns-vor\/\" data-type=\"URL\" data-id=\"https:\/\/pfefferwerk-akademie.de\/index.php\/wir-stellen-uns-vor\/\">Wir stellen uns vor<\/a><\/h2>\n\n\n\n<p>Sie m\u00f6chten Erzieher*in werden und suchen einen berufsbegleitenden Studienplatz?<\/p>\n<\/div>\n\n\n\n<div class=\"wp-block-column is-layout-flow wp-block-column-is-layout-flow\">\n<figure class=\"wp-block-image size-full\"><a href=\"https:\/\/pfefferwerk-akademie.de\/index.php\/aktuelles\/\"><img loading=\"lazy\" decoding=\"async\" width=\"493\" height=\"404\" src=\"https:\/\/pfefferwerk-akademie.de\/wp-content\/uploads\/Bild_Aktuelles_494_403.jpg\" alt=\"\" class=\"wp-image-1215\" srcset=\"https:\/\/pfefferwerk-akademie.de\/wp-content\/uploads\/Bild_Aktuelles_494_403.jpg 493w, https:\/\/pfefferwerk-akademie.de\/wp-content\/uploads\/Bild_Aktuelles_494_403-300x246.jpg 300w\" sizes=\"auto, (max-width: 493px) 100vw, 493px\" \/><\/a><\/figure>\n\n\n\n<h2 class=\"wp-block-heading has-text-color\" style=\"color:#e3000f\"><a href=\"https:\/\/pfefferwerk-akademie.de\/index.php\/aktuelles\/\" data-type=\"page\" data-id=\"1206\">Einblicke<\/a><\/h2>\n\n\n\n<p>Hier finden Sie eine Auswahl von aktuellen Beitr\u00e4gen und Fotos aus unserem Fachschulbetrieb. Viel Spa\u00df beim Lesen!<\/p>\n<\/div>\n<\/div>\n\n\n\n<div class=\"wp-block-columns is-layout-flex wp-container-core-columns-is-layout-9d6595d7 wp-block-columns-is-layout-flex\">\n<div class=\"wp-block-column is-layout-flow wp-block-column-is-layout-flow\">\n<figure class=\"wp-block-image size-full\"><a href=\"https:\/\/pfefferwerk-akademie.de\/index.php\/zulassungsvoraussetzung\/\"><img loading=\"lazy\" decoding=\"async\" width=\"493\" height=\"404\" src=\"https:\/\/pfefferwerk-akademie.de\/wp-content\/uploads\/startseite-kachel3.png\" alt=\"\" class=\"wp-image-827\" srcset=\"https:\/\/pfefferwerk-akademie.de\/wp-content\/uploads\/startseite-kachel3.png 493w, https:\/\/pfefferwerk-akademie.de\/wp-content\/uploads\/startseite-kachel3-300x246.png 300w\" sizes=\"auto, (max-width: 493px) 100vw, 493px\" \/><\/a><\/figure>\n\n\n\n<h2 class=\"wp-block-heading has-text-color\" style=\"color:#e3000f\"><a href=\"https:\/\/pfefferwerk-akademie.de\/index.php\/zulassungsvoraussetzung\/\">Voraussetzungen f\u00fcr eine Zulassung<\/a><\/h2>\n\n\n\n<p>F\u00fcr ein Studium an unserer Fachschule m\u00fcssen Sie eine der folgenden Voraussetzungen erf\u00fcllen:<\/p>\n<\/div>\n\n\n\n<div class=\"wp-block-column is-layout-flow wp-block-column-is-layout-flow\">\n<figure class=\"wp-block-image size-full\"><a href=\"https:\/\/pfefferwerk-akademie.de\/index.php\/profilkurse\/\"><img loading=\"lazy\" decoding=\"async\" width=\"493\" height=\"404\" src=\"https:\/\/pfefferwerk-akademie.de\/wp-content\/uploads\/lernen-lernen_startseite-kachelbild_493x404px.png\" alt=\"\" class=\"wp-image-1081\" srcset=\"https:\/\/pfefferwerk-akademie.de\/wp-content\/uploads\/lernen-lernen_startseite-kachelbild_493x404px.png 493w, https:\/\/pfefferwerk-akademie.de\/wp-content\/uploads\/lernen-lernen_startseite-kachelbild_493x404px-300x246.png 300w\" sizes=\"auto, (max-width: 493px) 100vw, 493px\" \/><\/a><\/figure>\n\n\n\n<h2 class=\"wp-block-heading has-text-color\" style=\"color:#e3000f\"><a href=\"https:\/\/pfefferwerk-akademie.de\/index.php\/profilkurse\/\" data-type=\"page\" data-id=\"1077\">Jugendarbeit und Resilienz<\/a><\/h2>\n\n\n\n<p>In unseren Profilkursen besch\u00e4ftigen wir uns mit den Themen Jugendarbeit und dem Aufbau von Resilienz.<\/p>\n<\/div>\n<\/div>\n\n\n\n<p><\/p>\n","protected":false},"excerpt":{"rendered":"<p>Wir stellen uns vor Sie m\u00f6chten Erzieher*in werden und suchen einen berufsbegleitenden Studienplatz? Einblicke Hier finden Sie eine Auswahl von aktuellen Beitr\u00e4gen und Fotos aus unserem Fachschulbetrieb. Viel Spa\u00df beim &#8230; <a title=\"Unsere Fachschule\" class=\"read-more\" href=\"https:\/\/pfefferwerk-akademie.de\/\" aria-label=\"Mehr Informationen \u00fcber Unsere Fachschule\">Weiterlesen<\/a><\/p>\n","protected":false},"author":13,"featured_media":0,"parent":0,"menu_order":0,"comment_status":"closed","ping_status":"closed","template":"","meta":{"_price":"","_stock":"","_tribe_ticket_header":"","_tribe_default_ticket_provider":"","_tribe_ticket_capacity":"0","_ticket_start_date":"","_ticket_end_date":"","_tribe_ticket_show_description":"","_tribe_ticket_show_not_going":false,"_tribe_ticket_use_global_stock":"","_tribe_ticket_global_stock_level":"","_global_stock_mode":"","_global_stock_cap":"","_tribe_rsvp_for_event":"","_tribe_ticket_going_count":"","_tribe_ticket_not_going_count":"","_tribe_tickets_list":"[]","_tribe_ticket_has_attendee_info_fields":false,"footnotes":"","_tec_slr_enabled":"","_tec_slr_layout":""},"class_list":["post-1204","page","type-page","status-publish"],"ticketed":false,"_links":{"self":[{"href":"https:\/\/pfefferwerk-akademie.de\/index.php\/wp-json\/wp\/v2\/pages\/1204","targetHints":{"allow":["GET"]}}],"collection":[{"href":"https:\/\/pfefferwerk-akademie.de\/index.php\/wp-json\/wp\/v2\/pages"}],"about":[{"href":"https:\/\/pfefferwerk-akademie.de\/index.php\/wp-json\/wp\/v2\/types\/page"}],"author":[{"embeddable":true,"href":"https:\/\/pfefferwerk-akademie.de\/index.php\/wp-json\/wp\/v2\/users\/13"}],"replies":[{"embeddable":true,"href":"https:\/\/pfefferwerk-akademie.de\/index.php\/wp-json\/wp\/v2\/comments?post=1204"}],"version-history":[{"count":5,"href":"https:\/\/pfefferwerk-akademie.de\/index.php\/wp-json\/wp\/v2\/pages\/1204\/revisions"}],"predecessor-version":[{"id":1361,"href":"https:\/\/pfefferwerk-akademie.de\/index.php\/wp-json\/wp\/v2\/pages\/1204\/revisions\/1361"}],"wp:attachment":[{"href":"https:\/\/pfefferwerk-akademie.de\/index.php\/wp-json\/wp\/v2\/media?parent=1204"}],"curies":[{"name":"wp","href":"https:\/\/api.w.org\/{rel}","templated":true}]}}