{"id":37,"date":"2021-08-09T08:40:52","date_gmt":"2021-08-09T08:40:52","guid":{"rendered":"https:\/\/pfefferwerk-akademie.de\/?page_id=37"},"modified":"2025-11-25T08:30:32","modified_gmt":"2025-11-25T08:30:32","slug":"wir-stellen-uns-vor","status":"publish","type":"page","link":"https:\/\/pfefferwerk-akademie.de\/index.php\/wir-stellen-uns-vor\/","title":{"rendered":"Wir stellen uns vor"},"content":{"rendered":"\n<h3 class=\"wp-block-heading has-contrast-color has-text-color\">(staatlich anerkannte Ersatzschule)<\/h3>\n\n\n\n<h3 class=\"wp-block-heading has-text-color\" style=\"color:#00878c\">Sieben Gr\u00fcnde, an unserer Pfefferwerk-Fachschule zu lernen<\/h3>\n\n\n\n<ul class=\"wp-block-list\">\n<li> Wir unterrichten handlungsorientiert, seminaristisch und praxisnah.<\/li>\n\n\n\n<li> Unsere erfahrenen Lehrkr\u00e4fte kommen direkt aus der Praxis.<\/li>\n\n\n\n<li> Die Kindertagesst\u00e4tten, Horte und Jugendeinrichtungen der Pfefferwerk Stadtkultur gGmbH bieten vielf\u00e4ltige Praxisstellen &amp; Praktikumsm\u00f6glichkeiten.<\/li>\n\n\n\n<li> Wir sind eine kleine, famili\u00e4re Fachschule mit wertsch\u00e4tzendem Miteinander und gelebter Partizipation.<\/li>\n\n\n\n<li> Wir f\u00fchren j\u00e4hrliche Feedbackgespr\u00e4che direkt in den Praxiseinrichtungen mit Studierenden und den   Mentor*innen durch.<\/li>\n\n\n\n<li> Wir bieten individuelle Beratung &amp; Karriereplanung an. <\/li>\n\n\n\n<li> Wir nutzen die Lernplatform MS Teams und bieten thematisch vielf\u00e4ltige Exkursionen an.  <\/li>\n<\/ul>\n\n\n\n<h3 class=\"wp-block-heading has-text-color\" style=\"color:#00878c\">Sie m\u00f6chten Erzieher*in werden und suchen einen berufsbegleitenden Studienplatz?<\/h3>\n\n\n\n<p>Dann hei\u00dfen wir Sie an unserer Pfefferwerk-Fachschule f\u00fcr Sozialp\u00e4dagogik herzlich willkommen! Egal, ob Sie Quereinsteiger*in oder an einer beruflichen Erstausbildung interessiert sind: Jeweils zum Sommer eines jeden Jahres starten wir mit der dreij\u00e4hrige berufsbegleitende Ausbildung zur*zum staatlich anerkannten Erzieher*in. F\u00fcr die Ausbildung brauchen Sie zudem eine Einrichtung, die Sie w\u00e4hrend der drei Jahre praktisch ausbildet. Sie k\u00f6nnen sich daf\u00fcr in einer unserer Pfefferwerk Einrichtungen bewerben. Nat\u00fcrlich k\u00f6nnen Sie Ihre Praxisstelle auch in einer anderen, externen Einrichtung absolvieren. Beides ist m\u00f6glich. Weitere Antworten auf Ihre Fragen finden Sie auch bei unseren <a href=\"https:\/\/pfefferwerk-akademie.de\/index.php\/faq\/\">FAQ<\/a>.<\/p>\n\n\n\n<p><strong>Rufen Sie uns an, wir beraten Sie gerne! Tel 030 44383 721<\/strong> <strong>oder 0159 04625089.<\/strong> <\/p>\n\n\n\n<p><strong>N\u00e4chster Ausbildungsstart:<\/strong> <strong>August 2026 <\/strong><\/p>\n\n\n\n<p>An unserer Fachschule sind Theorie und Praxis eng miteinander verzahnt. Denn wir sind eine Tochtergesellschaft der <a rel=\"noreferrer noopener\" href=\"https:\/\/www.pfefferwerk.de\/\" target=\"_blank\">Pfefferwerk Stadtkultur gGmbH<\/a>, freier Tr\u00e4ger der Jugendhilfe mit 30 Jahren Erfahrungen in der <a rel=\"noreferrer noopener\" href=\"https:\/\/www.pfefferwerk.de\/kindertagesstaetten\/\" target=\"_blank\">Kindertagesbetreuung<\/a>, der <a rel=\"noreferrer noopener\" href=\"https:\/\/www.pfefferwerk.de\/jugendhilfe-wohnen\/\" target=\"_blank\">Jugendhilfe<\/a>, der <a rel=\"noreferrer noopener\" href=\"https:\/\/www.pfefferwerk.de\/kooperation-jugendhilfe-schule\/\" target=\"_blank\">schulbezogenen Jugendsozialarbeit<\/a> und der <a rel=\"noreferrer noopener\" href=\"https:\/\/www.pfefferwerk.de\/stadtteilarbeit-jugendfreizeit\/\" target=\"_blank\">Jugendfreizeitarbeit<\/a>. So sind auch unsere Lehrkr\u00e4fte \u00fcberwiegend in Pfefferwerk-Einrichtungen t\u00e4tig und vermitteln unseren angehenden Erzieher*innen anschaulich und lebensnah die Praxis ihrer t\u00e4glichen Arbeit.<\/p>\n\n\n\n<p>Wir erheben <strong>kein Schulgeld<\/strong>. Es fallen lediglich 50 Euro f\u00fcr Materialkosten pro Semester an.<\/p>\n\n\n\n<p>Nach <strong>Abschluss<\/strong> Ihrer Ausbildung bei uns sind Sie <strong>staatlich gepr\u00fcfte*r Erzieher*in (Bachelor Professional in Sozialwesen) <\/strong>mit Anerkennung durch das Land Berlin.<\/p>\n\n\n\n<h3 class=\"wp-block-heading has-text-color\" style=\"color:#00878c\">Netzwerkarbeit der Pfefferwerk Akademie gGmbH<\/h3>\n\n\n\n<p>Wir die Pfefferwerk-Fachschule f\u00fcr Sozialp\u00e4dagogik engagieren uns im <a href=\"https:\/\/paritaetisches-kitaforum.de\/netzwerk\/\" target=\"_blank\" rel=\"noreferrer noopener\">\u201eNetzwerk berufsbegleitende Erzieherausbildung \u2013 Gemeinsam die berufsbegleitende Ausbildung neu denken\u201c des Parit\u00e4tischen Kitaforums<\/a>.<\/p>\n\n\n\n<p>Regelm\u00e4\u00dfig treffen sich Akteur*innen der berufsbegleitenden Ausbildung zur Erzieher*in (Vertreter*innen von Fachschulen und Tr\u00e4gern sowie Studierende) zum Austausch \u00fcber aktuelle Themen und Probleme der berufsbegleitenden Ausbildung und erarbeiten gemeinsam neue Ideen und Empfehlungen.<\/p>\n\n\n\n<p>Zusammen mit allen Netzwerkpartnern werden seit 2019<strong> folgende gemeinsame Ziele<\/strong>&nbsp;verfolgt:<\/p>\n\n\n\n<ul class=\"wp-block-list\">\n<li>die Sicherstellung eines dauerhaften und regelm\u00e4\u00dfigen Austauschs zwischen Lernort Schule und Lernort Praxis<\/li>\n\n\n\n<li>die (Weiter-)Entwicklung und Sicherung der Ausbildungsqualit\u00e4t<\/li>\n\n\n\n<li>die R\u00fcckkopplung der Ergebnisse an die Politik<\/li>\n<\/ul>\n\n\n\n<p>Zusammen hat sich das Netzwerk auf folgenden Qualit\u00e4tsstandards geeinigt und verpflichtet.<\/p>\n\n\n\n<p><strong>Selbstverpflichtung der Pfefferwerk-Fachschule<\/strong><\/p>\n\n\n\n<p>Wir verpflichten uns, folgende Qualit\u00e4ts- und Kooperationsstandards in der berufsbegleitenden Ausbildung von Erzieher*innen einzuhalten und danach zu arbeiten:<\/p>\n\n\n\n<ul class=\"wp-block-list\">\n<li>Wir arbeiten auf der Grundlage der <a href=\"http:\/\/gesetze.berlin.de\/jportal\/?quelle=jlink&amp;query=FSchulSozP%C3%A4dAPrV+BE&amp;psml=bsbeprod.psml&amp;max=true\" target=\"_blank\" rel=\"noreferrer noopener\">SozP\u00e4dVO<\/a> und orientieren uns am Rahmenlehrplan des Landes Berlin zum kompetenzorientierten Unterricht in der jeweils geltenden Fassung.<\/li>\n\n\n\n<li>Wir arbeiten mit einem strukturierten Schulcurriculum, das regelm\u00e4\u00dfig auf aktuelle Anforderungen hin \u00fcberpr\u00fcft und ggf. angepasst wird.<\/li>\n\n\n\n<li>Das Schulcurriculum ber\u00fccksichtigt alle T\u00e4tigkeitsfelder f\u00fcr Erzieher*innen und deren jeweilige fachliche Anforderungen.<\/li>\n\n\n\n<li>Die Klassenleitung hat einen anerkannten p\u00e4dagogischen Abschluss und eine Lehrbef\u00e4higung.<\/li>\n\n\n\n<li>Wir bilden den*die Praxiskoordinator*in regelm\u00e4\u00dfig fort und erm\u00f6glichen einen fachlich begleitenden Austausch, z. B. in Form von Praxisberatung, kollegialer Beratung, Supervision oder Coaching.<\/li>\n\n\n\n<li>Wir stellen einen verbindlichen Austausch mit dem (jeweiligen) Praxisort der Studierenden sicher und benennen Ansprechpartner*innen.<\/li>\n\n\n\n<li>Wir stellen die Kurs-\/Klassenleitung bzw. die Praxiskoordination<strong>*<\/strong> f\u00fcr die Kooperationstermine mit dem (jeweiligen) Praxisort der Studierenden frei.<\/li>\n<\/ul>\n","protected":false},"excerpt":{"rendered":"<p>(staatlich anerkannte Ersatzschule) Sieben Gr\u00fcnde, an unserer Pfefferwerk-Fachschule zu lernen Sie m\u00f6chten Erzieher*in werden und suchen einen berufsbegleitenden Studienplatz? Dann hei\u00dfen wir Sie an unserer Pfefferwerk-Fachschule f\u00fcr Sozialp\u00e4dagogik herzlich willkommen! &#8230; <a title=\"Wir stellen uns vor\" class=\"read-more\" href=\"https:\/\/pfefferwerk-akademie.de\/index.php\/wir-stellen-uns-vor\/\" aria-label=\"Mehr Informationen \u00fcber Wir stellen uns vor\">Weiterlesen<\/a><\/p>\n","protected":false},"author":6,"featured_media":0,"parent":0,"menu_order":0,"comment_status":"closed","ping_status":"closed","template":"","meta":{"_price":"","_stock":"","_tribe_ticket_header":"","_tribe_default_ticket_provider":"","_tribe_ticket_capacity":"0","_ticket_start_date":"","_ticket_end_date":"","_tribe_ticket_show_description":"","_tribe_ticket_show_not_going":false,"_tribe_ticket_use_global_stock":"","_tribe_ticket_global_stock_level":"","_global_stock_mode":"","_global_stock_cap":"","_tribe_rsvp_for_event":"","_tribe_ticket_going_count":"","_tribe_ticket_not_going_count":"","_tribe_tickets_list":"[]","_tribe_ticket_has_attendee_info_fields":false,"footnotes":"","_tec_slr_enabled":"","_tec_slr_layout":""},"class_list":["post-37","page","type-page","status-publish"],"ticketed":false,"_links":{"self":[{"href":"https:\/\/pfefferwerk-akademie.de\/index.php\/wp-json\/wp\/v2\/pages\/37","targetHints":{"allow":["GET"]}}],"collection":[{"href":"https:\/\/pfefferwerk-akademie.de\/index.php\/wp-json\/wp\/v2\/pages"}],"about":[{"href":"https:\/\/pfefferwerk-akademie.de\/index.php\/wp-json\/wp\/v2\/types\/page"}],"author":[{"embeddable":true,"href":"https:\/\/pfefferwerk-akademie.de\/index.php\/wp-json\/wp\/v2\/users\/6"}],"replies":[{"embeddable":true,"href":"https:\/\/pfefferwerk-akademie.de\/index.php\/wp-json\/wp\/v2\/comments?post=37"}],"version-history":[{"count":51,"href":"https:\/\/pfefferwerk-akademie.de\/index.php\/wp-json\/wp\/v2\/pages\/37\/revisions"}],"predecessor-version":[{"id":1396,"href":"https:\/\/pfefferwerk-akademie.de\/index.php\/wp-json\/wp\/v2\/pages\/37\/revisions\/1396"}],"wp:attachment":[{"href":"https:\/\/pfefferwerk-akademie.de\/index.php\/wp-json\/wp\/v2\/media?parent=37"}],"curies":[{"name":"wp","href":"https:\/\/api.w.org\/{rel}","templated":true}]}}