{"id":39,"date":"2021-08-09T08:41:23","date_gmt":"2021-08-09T08:41:23","guid":{"rendered":"https:\/\/pfefferwerk-akademie.de\/?page_id=39"},"modified":"2026-03-25T12:46:53","modified_gmt":"2026-03-25T12:46:53","slug":"fort-und-weiterbildungen","status":"publish","type":"page","link":"https:\/\/pfefferwerk-akademie.de\/index.php\/fort-und-weiterbildungen\/","title":{"rendered":"Fort- und Weiterbildungen"},"content":{"rendered":"\n<figure class=\"wp-block-image size-large\"><img loading=\"lazy\" decoding=\"async\" width=\"1024\" height=\"474\" src=\"https:\/\/pfefferwerk-akademie.de\/wp-content\/uploads\/fortbildungen-wir-stellen-uns-vor-1024x474.png\" alt=\"\" class=\"wp-image-899\" srcset=\"https:\/\/pfefferwerk-akademie.de\/wp-content\/uploads\/fortbildungen-wir-stellen-uns-vor-1024x474.png 1024w, https:\/\/pfefferwerk-akademie.de\/wp-content\/uploads\/fortbildungen-wir-stellen-uns-vor-300x139.png 300w, https:\/\/pfefferwerk-akademie.de\/wp-content\/uploads\/fortbildungen-wir-stellen-uns-vor-768x356.png 768w, https:\/\/pfefferwerk-akademie.de\/wp-content\/uploads\/fortbildungen-wir-stellen-uns-vor.png 1067w\" sizes=\"auto, (max-width: 1024px) 100vw, 1024px\" \/><\/figure>\n\n\n\n<h3 class=\"wp-block-heading\" id=\"wir-stellen-uns-vor\"><mark style=\"background-color:rgba(0, 0, 0, 0);color:#669933\" class=\"has-inline-color\">Wir stellen uns vor<\/mark><\/h3>\n\n\n\n<p>Die Pfefferwerk Akademie bietet Mitarbeiter*innen in sozialen Berufen Fortbildungen zu aktuellen Themen an. Als Tochter der Pfefferwerk Stadtkultur gGmbH schaffen wir f\u00fcr die Mitarbeiter*innen der Stadtkultur und Kolleg*innen aller anderen Tr\u00e4ger ein attraktives Fortbildungsangebot und f\u00f6rdern den fach- und tr\u00e4ger\u00fcbergreifenden Austausch.<\/p>\n\n\n\n<p>Wichtig sind uns ein hoher Praxisbezug und eine angemessene Balance zwischen Wissensvermittlung und Austausch in der Gruppe. Der Referent*innen, darunter viele Pfefferwerker*innen, sind Expert*innen aus der Praxis.<\/p>\n\n\n\n<p>Wir evaluieren jede Veranstaltung und haben unseren Qualit\u00e4tsanspruch in unseren Fortbildungsstandards formuliert. Wir orientieren uns am Leitbild und an den F\u00fchrungsgrunds\u00e4tzen der Pfefferwerk Stadtkultur.<\/p>\n\n\n\n<p>Haben Sie Fragen oder m\u00f6chten Sie als Referent*in t\u00e4tig werden? Dann melden Sie sich gern unter <a href=\"mailto:akademie@pfefferwerk.de\">akademie@pfefferwerk.de<\/a><mark style=\"background-color:rgba(0, 0, 0, 0)\" class=\"has-inline-color flyerlink\"><\/mark><\/p>\n\n\n\n<p><\/p>\n\n\n\n<ul class=\"wp-block-list\"><\/ul>\n\n\n\n<p><a href=\"https:\/\/pfefferwerk-akademie.de\/wp-content\/uploads\/FoBi_2023_extern_einzel_EINFUeHRUNG-IN-DIE-GEWALTFREIE-KOMMUNIKATION.pdf\"> <\/a><\/p>\n","protected":false},"excerpt":{"rendered":"<p>Wir stellen uns vor Die Pfefferwerk Akademie bietet Mitarbeiter*innen in sozialen Berufen Fortbildungen zu aktuellen Themen an. Als Tochter der Pfefferwerk Stadtkultur gGmbH schaffen wir f\u00fcr die Mitarbeiter*innen der Stadtkultur &#8230; <a title=\"Fort- und Weiterbildungen\" class=\"read-more\" href=\"https:\/\/pfefferwerk-akademie.de\/index.php\/fort-und-weiterbildungen\/\" aria-label=\"Mehr Informationen \u00fcber Fort- und Weiterbildungen\">Weiterlesen<\/a><\/p>\n","protected":false},"author":6,"featured_media":0,"parent":0,"menu_order":0,"comment_status":"closed","ping_status":"closed","template":"","meta":{"_price":"","_stock":"","_tribe_ticket_header":"","_tribe_default_ticket_provider":"","_tribe_ticket_capacity":"0","_ticket_start_date":"","_ticket_end_date":"","_tribe_ticket_show_description":"","_tribe_ticket_show_not_going":false,"_tribe_ticket_use_global_stock":"","_tribe_ticket_global_stock_level":"","_global_stock_mode":"","_global_stock_cap":"","_tribe_rsvp_for_event":"","_tribe_ticket_going_count":"","_tribe_ticket_not_going_count":"","_tribe_tickets_list":"[]","_tribe_ticket_has_attendee_info_fields":false,"footnotes":"","_tec_slr_enabled":"","_tec_slr_layout":""},"class_list":["post-39","page","type-page","status-publish"],"ticketed":false,"_links":{"self":[{"href":"https:\/\/pfefferwerk-akademie.de\/index.php\/wp-json\/wp\/v2\/pages\/39","targetHints":{"allow":["GET"]}}],"collection":[{"href":"https:\/\/pfefferwerk-akademie.de\/index.php\/wp-json\/wp\/v2\/pages"}],"about":[{"href":"https:\/\/pfefferwerk-akademie.de\/index.php\/wp-json\/wp\/v2\/types\/page"}],"author":[{"embeddable":true,"href":"https:\/\/pfefferwerk-akademie.de\/index.php\/wp-json\/wp\/v2\/users\/6"}],"replies":[{"embeddable":true,"href":"https:\/\/pfefferwerk-akademie.de\/index.php\/wp-json\/wp\/v2\/comments?post=39"}],"version-history":[{"count":22,"href":"https:\/\/pfefferwerk-akademie.de\/index.php\/wp-json\/wp\/v2\/pages\/39\/revisions"}],"predecessor-version":[{"id":1429,"href":"https:\/\/pfefferwerk-akademie.de\/index.php\/wp-json\/wp\/v2\/pages\/39\/revisions\/1429"}],"wp:attachment":[{"href":"https:\/\/pfefferwerk-akademie.de\/index.php\/wp-json\/wp\/v2\/media?parent=39"}],"curies":[{"name":"wp","href":"https:\/\/api.w.org\/{rel}","templated":true}]}}