{"id":680,"date":"2021-10-29T07:03:38","date_gmt":"2021-10-29T07:03:38","guid":{"rendered":"https:\/\/pfefferwerk-akademie.de\/?page_id=680"},"modified":"2025-11-25T08:29:03","modified_gmt":"2025-11-25T08:29:03","slug":"ausbildungsstruktur","status":"publish","type":"page","link":"https:\/\/pfefferwerk-akademie.de\/index.php\/ausbildungsstruktur\/","title":{"rendered":"Ausbildungsstruktur und Inhalte"},"content":{"rendered":"\n<h2 class=\"wp-block-heading has-text-color has-link-color wp-elements-85faecdcf67419795eae9c5d4e19165c\" style=\"color:#00878c\">Inhalt<\/h2>\n\n\n\n<p>Die Inhalte des Teilzeitstudiums orientieren sich am <a href=\"https:\/\/bildungsserver.berlin-brandenburg.de\/fileadmin\/bbb\/unterricht\/rahmenlehrplaene\/berufliche_bildung\/be\/RLP_Sozialpaedagogik-RLP_FS_2016__Berlin.pdf\">Berliner Rahmenlehrplan<\/a>.<br>Die fachrichtungsbezogenen Lernfelder sind:<\/p>\n\n\n\n<ul class=\"wp-block-list\">\n<li> berufliche Identit\u00e4t und professionelle Perspektiven weiterentwickeln<\/li>\n\n\n\n<li> p\u00e4dagogische Beziehungen gestalten und mit Gruppen p\u00e4dagogisch arbeiten<\/li>\n\n\n\n<li> Lebenswelten und Diversit\u00e4t wahrnehmen, verstehen und Inklusion f\u00f6rdern inkl. Kommunikation und Sprache<\/li>\n\n\n\n<li> sozialp\u00e4dagogische Bildungsarbeit in den Bildungsbereichen professionell gestalten inkl. \u00e4sthetischer und naturwissenschaftlich-technischer Bereich<\/li>\n\n\n\n<li> Erziehungs- und Bildungspartnerschaften mit Eltern und Bezugspersonen gestalten sowie \u00dcberg\u00e4nge unterst\u00fctzen<\/li>\n\n\n\n<li> Institution, Team und Qualit\u00e4t entwickeln sowie in Netzwerken kooperieren<\/li>\n<\/ul>\n\n\n\n<p>Der Unterricht findet in Kooperation mit Einrichtungen der Pfefferwerk Stadtkultur gGmbH statt. Unser Ansatz ist praxisorientiert, partizipativ und konstruktiv. Im <a href=\"https:\/\/pfefferwerk-akademie.de\/index.php\/profilkurse\/\" data-type=\"page\" data-id=\"1077\">Profilunterricht <\/a>setzen wir den Schwerpunkt auf Jugendarbeit, Sprachf\u00f6rderung und Aufbau von Resilienz.<\/p>\n\n\n\n<p>Weitere Antworten auf Ihre Fragen zum Unterricht und \u00fcber unsere Fachschule finden Sie bei unseren<a href=\"https:\/\/pfefferwerk-akademie.de\/index.php\/faq\/\"> FAQ.<\/a><\/p>\n\n\n\n<h2 class=\"wp-block-heading has-text-color has-link-color wp-elements-4c3ea5bfebb2011ff38db85be9adb585\" style=\"color:#00878c\">Termine<\/h2>\n\n\n\n<ul class=\"wp-block-list\">\n<li>n\u00e4chster Ausbildungsstart: August 2026<\/li>\n\n\n\n<li> Dauer der Ausbildung: drei Jahre (sechs Semester)<\/li>\n\n\n\n<li>zwei Tage pro Woche: donnerstags und freitags <\/li>\n\n\n\n<li>Unterrichtszeit von 8:30 bis 15:45 Uhr<\/li>\n<\/ul>\n\n\n\n<h2 class=\"wp-block-heading has-text-color has-link-color wp-elements-d43c912b4544d459cbff663a5eb84a81\" style=\"color:#00878c\">Unterrichtsorte<\/h2>\n\n\n\n<p>Christinenstra\u00dfe 18\/19, Pfefferberg, Haus 12 (3. OG)<br>bzw. an au\u00dferschulischen Lernorten und im digitalen Raum \u00fcber die Lernplattform MS Teams. W\u00e4hrend der Zeit des Fachschulstudiums bekommen Sie von uns einen kostenlosen Zugang. <\/p>\n\n\n\n<p><\/p>\n","protected":false},"excerpt":{"rendered":"<p>Inhalt Die Inhalte des Teilzeitstudiums orientieren sich am Berliner Rahmenlehrplan.Die fachrichtungsbezogenen Lernfelder sind: Der Unterricht findet in Kooperation mit Einrichtungen der Pfefferwerk Stadtkultur gGmbH statt. Unser Ansatz ist praxisorientiert, partizipativ &#8230; <a title=\"Ausbildungsstruktur und Inhalte\" class=\"read-more\" href=\"https:\/\/pfefferwerk-akademie.de\/index.php\/ausbildungsstruktur\/\" aria-label=\"Mehr Informationen \u00fcber Ausbildungsstruktur und Inhalte\">Weiterlesen<\/a><\/p>\n","protected":false},"author":6,"featured_media":0,"parent":0,"menu_order":0,"comment_status":"closed","ping_status":"closed","template":"","meta":{"_price":"","_stock":"","_tribe_ticket_header":"","_tribe_default_ticket_provider":"","_tribe_ticket_capacity":"0","_ticket_start_date":"","_ticket_end_date":"","_tribe_ticket_show_description":"","_tribe_ticket_show_not_going":false,"_tribe_ticket_use_global_stock":"","_tribe_ticket_global_stock_level":"","_global_stock_mode":"","_global_stock_cap":"","_tribe_rsvp_for_event":"","_tribe_ticket_going_count":"","_tribe_ticket_not_going_count":"","_tribe_tickets_list":"[]","_tribe_ticket_has_attendee_info_fields":false,"footnotes":"","_tec_slr_enabled":"","_tec_slr_layout":""},"class_list":["post-680","page","type-page","status-publish"],"ticketed":false,"_links":{"self":[{"href":"https:\/\/pfefferwerk-akademie.de\/index.php\/wp-json\/wp\/v2\/pages\/680","targetHints":{"allow":["GET"]}}],"collection":[{"href":"https:\/\/pfefferwerk-akademie.de\/index.php\/wp-json\/wp\/v2\/pages"}],"about":[{"href":"https:\/\/pfefferwerk-akademie.de\/index.php\/wp-json\/wp\/v2\/types\/page"}],"author":[{"embeddable":true,"href":"https:\/\/pfefferwerk-akademie.de\/index.php\/wp-json\/wp\/v2\/users\/6"}],"replies":[{"embeddable":true,"href":"https:\/\/pfefferwerk-akademie.de\/index.php\/wp-json\/wp\/v2\/comments?post=680"}],"version-history":[{"count":34,"href":"https:\/\/pfefferwerk-akademie.de\/index.php\/wp-json\/wp\/v2\/pages\/680\/revisions"}],"predecessor-version":[{"id":1394,"href":"https:\/\/pfefferwerk-akademie.de\/index.php\/wp-json\/wp\/v2\/pages\/680\/revisions\/1394"}],"wp:attachment":[{"href":"https:\/\/pfefferwerk-akademie.de\/index.php\/wp-json\/wp\/v2\/media?parent=680"}],"curies":[{"name":"wp","href":"https:\/\/api.w.org\/{rel}","templated":true}]}}