{"id":712,"date":"2021-11-02T08:15:06","date_gmt":"2021-11-02T08:15:06","guid":{"rendered":"https:\/\/pfefferwerk-akademie.de\/?page_id=712"},"modified":"2026-02-26T11:47:07","modified_gmt":"2026-02-26T11:47:07","slug":"unser-team","status":"publish","type":"page","link":"https:\/\/pfefferwerk-akademie.de\/index.php\/unser-team\/","title":{"rendered":"Unser Team"},"content":{"rendered":"\n<p>F\u00fcr unsere Fachschule w\u00fcnschen wir uns einen empathischen, fairen und offenen Umgang miteinander. Wertsch\u00e4tzende und konstruktive Kommunikationsformen sind uns sehr wichtig. Hohe fachliche Qualit\u00e4t, soziale Kompetenz sowie der Leitgedanke der kulturellen Vielfalt und Gleichstellung sind Grundlagen unseres Handelns. Wir freuen uns \u00fcber Input, Verbesserungsvorschl\u00e4ge und Partizipation seitens unserer Studierenden, denn wir pflegen eine fehlerfreundliche und agile Kultur.<\/p>\n\n\n\n<p>Unser Leitungsteam besteht zurzeit aus Maria M\u00fcller-Rei\u00dfmann und Elisabeth Bunge sowie einem Lehrkr\u00e4fteteam von 8 Personen. Zus\u00e4tzlich arbeiten wir gerne mit Expert*innen zusammen, die wir bei bestimmten Fachthemen neben der Lehrkraft einsetzen. Dies sind Personen, die direkt von ihrer Arbeit aus der Praxis berichten und somit wertvolle, praxisnahe Einblicke geben. \u00a0\u00a0<\/p>\n\n\n\n<div class=\"wp-block-columns is-layout-flex wp-container-core-columns-is-layout-9d6595d7 wp-block-columns-is-layout-flex\">\n<div class=\"wp-block-column is-layout-flow wp-block-column-is-layout-flow\">\n<figure class=\"wp-block-gallery has-nested-images columns-default is-cropped wp-block-gallery-1 is-layout-flex wp-block-gallery-is-layout-flex\">\n<figure class=\"wp-block-image size-large is-resized\"><img loading=\"lazy\" decoding=\"async\" width=\"524\" height=\"545\" data-id=\"835\" src=\"https:\/\/pfefferwerk-akademie.de\/wp-content\/uploads\/maria.png\" alt=\"\" class=\"wp-image-835\" style=\"width:240px;height:auto\" srcset=\"https:\/\/pfefferwerk-akademie.de\/wp-content\/uploads\/maria.png 524w, https:\/\/pfefferwerk-akademie.de\/wp-content\/uploads\/maria-288x300.png 288w\" sizes=\"auto, (max-width: 524px) 100vw, 524px\" \/><figcaption class=\"wp-element-caption\">Maria M\u00fcller-Rei\u00dfmann (Gesch\u00e4ftsf\u00fchrerin)<\/figcaption><\/figure>\n\n\n\n<figure class=\"wp-block-image size-large is-resized\"><img loading=\"lazy\" decoding=\"async\" width=\"524\" height=\"545\" data-id=\"832\" src=\"https:\/\/pfefferwerk-akademie.de\/wp-content\/uploads\/elisabeth.png\" alt=\"\" class=\"wp-image-832\" style=\"width:239px;height:auto\" srcset=\"https:\/\/pfefferwerk-akademie.de\/wp-content\/uploads\/elisabeth.png 524w, https:\/\/pfefferwerk-akademie.de\/wp-content\/uploads\/elisabeth-288x300.png 288w\" sizes=\"auto, (max-width: 524px) 100vw, 524px\" \/><figcaption class=\"wp-element-caption\">Elisabeth Bunge (Schulleiterin)<\/figcaption><\/figure>\n<\/figure>\n<\/div>\n<\/div>\n\n\n\n<p><strong>Was gef\u00e4llt dir besonders am Unterricht an der Pfefferwerk Akademie?<\/strong><\/p>\n\n\n\n<p><strong><em>Stimmen von Studierenden:<\/em><\/strong><\/p>\n\n\n\n<div class=\"wp-block-group is-layout-grid wp-container-core-group-is-layout-9649a0d9 wp-block-group-is-layout-grid\">\n<p><em>\u201eDie Inhalte sind interessant und werden in Bezug zu unserer Praxis gesetzt. Ich f\u00fchle mich stehts gefordert, selten \u00fcberfordert.\u201c<\/em><\/p>\n\n\n\n<p><em>\u201eDer Unterricht wird authentisch vermittelt. Fragen kann man immer stellen. Ich mochte die Vorbereitungen &#8211; sehr ausf\u00fchrlich und umfangreich genauso wie die Power Points.\u201c<\/em><\/p>\n\n\n\n<p><em>\u201eIch finde es toll, dass verschiedene Medien (Videos, Fotos, Grafiken) verwendet werden, um die Themen zu erkl\u00e4ren.\u201c<\/em><\/p>\n\n\n\n<p><em>\u201eSuper strukturierter Unterricht und sehr klar. Spannende Themen und Methoden, gut erkl\u00e4rt.\u201c<\/em><\/p>\n\n\n\n<p><em>\u201eDas breit gef\u00e4cherte Angebot. Wir konnten richtig tolle Angebote kennenlernen und wir bekamen auch die M\u00f6glichkeit, ein auf unsere Einrichtung abgestimmtes Angebot abzuleiten und zu erarbeiten. Vielen Dank!\u201c<\/em><\/p>\n\n\n\n<p><em>\u201eDie Materialien und Techniken, die wir gelernt haben, waren so interessant, dass ich sie in meinem t\u00e4glichen Leben anwenden werde.\u201c<\/em><\/p>\n\n\n\n<p><em>\u201eEin interessanter Unterricht auf Augenh\u00f6he und immer viel Humor, danke sch\u00f6n!<\/em>\u201c<\/p>\n<\/div>\n\n\n\n<p><\/p>\n","protected":false},"excerpt":{"rendered":"<p>F\u00fcr unsere Fachschule w\u00fcnschen wir uns einen empathischen, fairen und offenen Umgang miteinander. Wertsch\u00e4tzende und konstruktive Kommunikationsformen sind uns sehr wichtig. Hohe fachliche Qualit\u00e4t, soziale Kompetenz sowie der Leitgedanke der &#8230; <a title=\"Unser Team\" class=\"read-more\" href=\"https:\/\/pfefferwerk-akademie.de\/index.php\/unser-team\/\" aria-label=\"Mehr Informationen \u00fcber Unser Team\">Weiterlesen<\/a><\/p>\n","protected":false},"author":6,"featured_media":0,"parent":0,"menu_order":0,"comment_status":"closed","ping_status":"closed","template":"","meta":{"_price":"","_stock":"","_tribe_ticket_header":"","_tribe_default_ticket_provider":"","_tribe_ticket_capacity":"0","_ticket_start_date":"","_ticket_end_date":"","_tribe_ticket_show_description":"","_tribe_ticket_show_not_going":false,"_tribe_ticket_use_global_stock":"","_tribe_ticket_global_stock_level":"","_global_stock_mode":"","_global_stock_cap":"","_tribe_rsvp_for_event":"","_tribe_ticket_going_count":"","_tribe_ticket_not_going_count":"","_tribe_tickets_list":"[]","_tribe_ticket_has_attendee_info_fields":false,"footnotes":"","_tec_slr_enabled":"","_tec_slr_layout":""},"class_list":["post-712","page","type-page","status-publish"],"ticketed":false,"_links":{"self":[{"href":"https:\/\/pfefferwerk-akademie.de\/index.php\/wp-json\/wp\/v2\/pages\/712","targetHints":{"allow":["GET"]}}],"collection":[{"href":"https:\/\/pfefferwerk-akademie.de\/index.php\/wp-json\/wp\/v2\/pages"}],"about":[{"href":"https:\/\/pfefferwerk-akademie.de\/index.php\/wp-json\/wp\/v2\/types\/page"}],"author":[{"embeddable":true,"href":"https:\/\/pfefferwerk-akademie.de\/index.php\/wp-json\/wp\/v2\/users\/6"}],"replies":[{"embeddable":true,"href":"https:\/\/pfefferwerk-akademie.de\/index.php\/wp-json\/wp\/v2\/comments?post=712"}],"version-history":[{"count":18,"href":"https:\/\/pfefferwerk-akademie.de\/index.php\/wp-json\/wp\/v2\/pages\/712\/revisions"}],"predecessor-version":[{"id":1427,"href":"https:\/\/pfefferwerk-akademie.de\/index.php\/wp-json\/wp\/v2\/pages\/712\/revisions\/1427"}],"wp:attachment":[{"href":"https:\/\/pfefferwerk-akademie.de\/index.php\/wp-json\/wp\/v2\/media?parent=712"}],"curies":[{"name":"wp","href":"https:\/\/api.w.org\/{rel}","templated":true}]}}