{"id":717,"date":"2021-11-02T08:19:46","date_gmt":"2021-11-02T08:19:46","guid":{"rendered":"https:\/\/pfefferwerk-akademie.de\/?page_id=717"},"modified":"2025-11-25T08:27:55","modified_gmt":"2025-11-25T08:27:55","slug":"impressum","status":"publish","type":"page","link":"https:\/\/pfefferwerk-akademie.de\/index.php\/impressum\/","title":{"rendered":"Impressum"},"content":{"rendered":"\n<h3 class=\"wp-block-heading\">Pfefferwerk Akademie gGmbH<\/h3>\n\n\n\n<p>Gesch\u00e4ftsf\u00fchrung: Maria M\u00fcller-Rei\u00dfmann\/ Karolin Bachmann<br>Sitz: Berlin | Amtsgericht Charlottenburg | HRB 207780 B<\/p>\n\n\n\n<p>Steuer-Nr. 27\/028\/33515<\/p>\n\n\n\n<p>USt-Id.: DE 326020853<br>Bank f\u00fcr Sozialwirtschaft Berlin AG<br>IBAN: DE52 3702 0500 0001 6610 00 | BIC: BFSWDE33BER<\/p>\n","protected":false},"excerpt":{"rendered":"<p>Pfefferwerk Akademie gGmbH Gesch\u00e4ftsf\u00fchrung: Maria M\u00fcller-Rei\u00dfmann\/ Karolin BachmannSitz: Berlin | Amtsgericht Charlottenburg | HRB 207780 B Steuer-Nr. 27\/028\/33515 USt-Id.: DE 326020853Bank f\u00fcr Sozialwirtschaft Berlin AGIBAN: DE52 3702 0500 0001 6610 &#8230; <a title=\"Impressum\" class=\"read-more\" href=\"https:\/\/pfefferwerk-akademie.de\/index.php\/impressum\/\" aria-label=\"Mehr Informationen \u00fcber Impressum\">Weiterlesen<\/a><\/p>\n","protected":false},"author":6,"featured_media":0,"parent":0,"menu_order":0,"comment_status":"closed","ping_status":"closed","template":"","meta":{"_price":"","_stock":"","_tribe_ticket_header":"","_tribe_default_ticket_provider":"","_tribe_ticket_capacity":"0","_ticket_start_date":"","_ticket_end_date":"","_tribe_ticket_show_description":"","_tribe_ticket_show_not_going":false,"_tribe_ticket_use_global_stock":"","_tribe_ticket_global_stock_level":"","_global_stock_mode":"","_global_stock_cap":"","_tribe_rsvp_for_event":"","_tribe_ticket_going_count":"","_tribe_ticket_not_going_count":"","_tribe_tickets_list":"[]","_tribe_ticket_has_attendee_info_fields":false,"footnotes":"","_tec_slr_enabled":"","_tec_slr_layout":""},"class_list":["post-717","page","type-page","status-publish"],"ticketed":false,"_links":{"self":[{"href":"https:\/\/pfefferwerk-akademie.de\/index.php\/wp-json\/wp\/v2\/pages\/717","targetHints":{"allow":["GET"]}}],"collection":[{"href":"https:\/\/pfefferwerk-akademie.de\/index.php\/wp-json\/wp\/v2\/pages"}],"about":[{"href":"https:\/\/pfefferwerk-akademie.de\/index.php\/wp-json\/wp\/v2\/types\/page"}],"author":[{"embeddable":true,"href":"https:\/\/pfefferwerk-akademie.de\/index.php\/wp-json\/wp\/v2\/users\/6"}],"replies":[{"embeddable":true,"href":"https:\/\/pfefferwerk-akademie.de\/index.php\/wp-json\/wp\/v2\/comments?post=717"}],"version-history":[{"count":7,"href":"https:\/\/pfefferwerk-akademie.de\/index.php\/wp-json\/wp\/v2\/pages\/717\/revisions"}],"predecessor-version":[{"id":1393,"href":"https:\/\/pfefferwerk-akademie.de\/index.php\/wp-json\/wp\/v2\/pages\/717\/revisions\/1393"}],"wp:attachment":[{"href":"https:\/\/pfefferwerk-akademie.de\/index.php\/wp-json\/wp\/v2\/media?parent=717"}],"curies":[{"name":"wp","href":"https:\/\/api.w.org\/{rel}","templated":true}]}}